{"id":990,"date":"2025-03-10T13:35:08","date_gmt":"2025-03-10T13:35:08","guid":{"rendered":"https:\/\/gladysperalta.com\/?page_id=990"},"modified":"2025-03-10T16:29:05","modified_gmt":"2025-03-10T16:29:05","slug":"inicio-2","status":"publish","type":"page","link":"https:\/\/gladysperalta.com\/","title":{"rendered":"Inicio"},"content":{"rendered":"\t\t<div data-elementor-type=\"wp-page\" data-elementor-id=\"990\" class=\"elementor elementor-990\" data-elementor-post-type=\"page\">\n\t\t\t\t<div class=\"elementor-element elementor-element-b4c846d e-con-full e-flex e-con e-parent\" data-id=\"b4c846d\" data-element_type=\"container\" data-e-type=\"container\" data-settings=\"{&quot;background_background&quot;:&quot;classic&quot;}\">\n\t\t<div class=\"elementor-element elementor-element-9a0c68a e-con-full e-flex e-con e-child\" data-id=\"9a0c68a\" data-element_type=\"container\" data-e-type=\"container\" data-settings=\"{&quot;background_background&quot;:&quot;classic&quot;}\">\n\t\t<div class=\"elementor-element elementor-element-ab4ec70 e-con-full e-flex e-con e-child\" data-id=\"ab4ec70\" data-element_type=\"container\" data-e-type=\"container\">\n\t\t\t\t<div class=\"elementor-element elementor-element-4bec4cf elementor-align-justify elementor-widget elementor-widget-button\" data-id=\"4bec4cf\" data-element_type=\"widget\" data-e-type=\"widget\" data-widget_type=\"button.default\">\n\t\t\t\t<div class=\"elementor-widget-container\">\n\t\t\t\t\t\t\t\t\t<div class=\"elementor-button-wrapper\">\n\t\t\t\t\t<a class=\"elementor-button elementor-button-link elementor-size-sm\" href=\"https:\/\/gladysperalta.com\/index.php\/mis-trabajos\/#novias\">\n\t\t\t\t\t\t<span class=\"elementor-button-content-wrapper\">\n\t\t\t\t\t\t\t\t\t<span class=\"elementor-button-text\">Novias<\/span>\n\t\t\t\t\t<\/span>\n\t\t\t\t\t<\/a>\n\t\t\t\t<\/div>\n\t\t\t\t\t\t\t\t<\/div>\n\t\t\t\t<\/div>\n\t\t\t\t<\/div>\n\t\t\t\t<\/div>\n\t\t<div class=\"elementor-element elementor-element-bdd218b e-con-full e-flex e-con e-child\" data-id=\"bdd218b\" data-element_type=\"container\" data-e-type=\"container\" data-settings=\"{&quot;background_background&quot;:&quot;classic&quot;}\">\n\t\t<div class=\"elementor-element elementor-element-51cfab4 e-con-full e-flex e-con e-child\" data-id=\"51cfab4\" data-element_type=\"container\" data-e-type=\"container\">\n\t\t\t\t<div class=\"elementor-element elementor-element-c6d9ec5 elementor-align-justify elementor-widget elementor-widget-button\" data-id=\"c6d9ec5\" data-element_type=\"widget\" data-e-type=\"widget\" data-widget_type=\"button.default\">\n\t\t\t\t<div class=\"elementor-widget-container\">\n\t\t\t\t\t\t\t\t\t<div class=\"elementor-button-wrapper\">\n\t\t\t\t\t<a class=\"elementor-button elementor-button-link elementor-size-sm\" href=\"https:\/\/gladysperalta.com\/index.php\/mis-trabajos\/#quincea\u00f1eras\">\n\t\t\t\t\t\t<span class=\"elementor-button-content-wrapper\">\n\t\t\t\t\t\t\t\t\t<span class=\"elementor-button-text\">Quincea\u00f1eras<\/span>\n\t\t\t\t\t<\/span>\n\t\t\t\t\t<\/a>\n\t\t\t\t<\/div>\n\t\t\t\t\t\t\t\t<\/div>\n\t\t\t\t<\/div>\n\t\t\t\t<\/div>\n\t\t\t\t<\/div>\n\t\t<div class=\"elementor-element elementor-element-dc5ef49 e-con-full e-flex e-con e-child\" data-id=\"dc5ef49\" data-element_type=\"container\" data-e-type=\"container\" data-settings=\"{&quot;background_background&quot;:&quot;classic&quot;}\">\n\t\t<div class=\"elementor-element elementor-element-be9c774 e-con-full e-flex e-con e-child\" data-id=\"be9c774\" data-element_type=\"container\" data-e-type=\"container\">\n\t\t\t\t<div class=\"elementor-element elementor-element-31bd02a elementor-align-justify elementor-widget elementor-widget-button\" data-id=\"31bd02a\" data-element_type=\"widget\" data-e-type=\"widget\" data-widget_type=\"button.default\">\n\t\t\t\t<div class=\"elementor-widget-container\">\n\t\t\t\t\t\t\t\t\t<div class=\"elementor-button-wrapper\">\n\t\t\t\t\t<a class=\"elementor-button elementor-button-link elementor-size-sm\" href=\"https:\/\/gladysperalta.com\/index.php\/mis-trabajos\/#eventos\">\n\t\t\t\t\t\t<span class=\"elementor-button-content-wrapper\">\n\t\t\t\t\t\t\t\t\t<span class=\"elementor-button-text\">Eventos<\/span>\n\t\t\t\t\t<\/span>\n\t\t\t\t\t<\/a>\n\t\t\t\t<\/div>\n\t\t\t\t\t\t\t\t<\/div>\n\t\t\t\t<\/div>\n\t\t\t\t<\/div>\n\t\t\t\t<\/div>\n\t\t<div class=\"elementor-element elementor-element-bf209c6 e-con-full e-flex e-con e-child\" data-id=\"bf209c6\" data-element_type=\"container\" data-e-type=\"container\" data-settings=\"{&quot;background_background&quot;:&quot;classic&quot;}\">\n\t\t<div class=\"elementor-element elementor-element-7225fdf e-con-full e-flex e-con e-child\" data-id=\"7225fdf\" data-element_type=\"container\" data-e-type=\"container\">\n\t\t\t\t<div class=\"elementor-element elementor-element-5859f32 elementor-align-justify elementor-widget elementor-widget-button\" data-id=\"5859f32\" data-element_type=\"widget\" data-e-type=\"widget\" data-widget_type=\"button.default\">\n\t\t\t\t<div class=\"elementor-widget-container\">\n\t\t\t\t\t\t\t\t\t<div class=\"elementor-button-wrapper\">\n\t\t\t\t\t<a class=\"elementor-button elementor-button-link elementor-size-sm\" href=\"https:\/\/gladysperalta.com\/index.php\/mis-trabajos\/#producciones\">\n\t\t\t\t\t\t<span class=\"elementor-button-content-wrapper\">\n\t\t\t\t\t\t\t\t\t<span class=\"elementor-button-text\">Producciones<\/span>\n\t\t\t\t\t<\/span>\n\t\t\t\t\t<\/a>\n\t\t\t\t<\/div>\n\t\t\t\t\t\t\t\t<\/div>\n\t\t\t\t<\/div>\n\t\t\t\t<\/div>\n\t\t\t\t<\/div>\n\t\t\t\t<\/div>\n\t\t<div class=\"elementor-element elementor-element-e85d06b e-con-full e-flex e-con e-parent\" data-id=\"e85d06b\" data-element_type=\"container\" data-e-type=\"container\" data-settings=\"{&quot;background_background&quot;:&quot;classic&quot;}\">\n\t\t<div class=\"elementor-element elementor-element-c54799c e-con-full e-flex e-con e-child\" data-id=\"c54799c\" data-element_type=\"container\" data-e-type=\"container\" data-settings=\"{&quot;background_background&quot;:&quot;classic&quot;}\">\n\t\t\t\t<\/div>\n\t\t<div class=\"elementor-element elementor-element-2159504 e-con-full e-flex e-con e-child\" data-id=\"2159504\" data-element_type=\"container\" data-e-type=\"container\">\n\t\t\t\t<div class=\"elementor-element elementor-element-ba6685f elementor-widget elementor-widget-heading\" data-id=\"ba6685f\" data-element_type=\"widget\" data-e-type=\"widget\" data-widget_type=\"heading.default\">\n\t\t\t\t<div class=\"elementor-widget-container\">\n\t\t\t\t\t<h2 class=\"elementor-heading-title elementor-size-default\">Gladys Peralta<\/h2>\t\t\t\t<\/div>\n\t\t\t\t<\/div>\n\t\t\t\t<div class=\"elementor-element elementor-element-19a24c6 elementor-widget elementor-widget-heading\" data-id=\"19a24c6\" data-element_type=\"widget\" data-e-type=\"widget\" data-widget_type=\"heading.default\">\n\t\t\t\t<div class=\"elementor-widget-container\">\n\t\t\t\t\t<h2 class=\"elementor-heading-title elementor-size-default\">Especialista en Make Up &amp; Peinados<\/h2>\t\t\t\t<\/div>\n\t\t\t\t<\/div>\n\t\t\t\t<div class=\"elementor-element elementor-element-33b80e5 elementor-widget elementor-widget-heading\" data-id=\"33b80e5\" data-element_type=\"widget\" data-e-type=\"widget\" data-widget_type=\"heading.default\">\n\t\t\t\t<div class=\"elementor-widget-container\">\n\t\t\t\t\t<h2 class=\"elementor-heading-title elementor-size-default\">Soy peluquera y maquilladora, me inicie en esta profesi\u00f3n a los 17 a\u00f1os.\nA los 21 a\u00f1os fui integrante del equipo de Instructores de un prestigioso Centro de Peluqueros,\nC.A.T (C\u00edrculo de Arte y T\u00e9cnica), cuyo presidente de la rama femenina era el recordado Miguel Angel Martinucci. Embajador nuestro en Europa, trayendo la moda y\nlas tendencias de Francia e Italia.\nCon quien compart\u00ed seminarios.\n<br><br>\n\nYa con un curr\u00edculum formado, tuve la oportunidad de viajar a New York, E.E.U.U.,\ndonde trabaj\u00e9 en un Instituto de importante envergadura, puse a prueba todos mis conocimientos y tambi\u00e9n la oportunidad de ampliar a\u00fan m\u00e1s, crisol de razas,\ntodo tipo de cabello, por ejemplo: muy rizados, de la gente de color, y centro americanos, e incursion\u00f3 aqu\u00ed en el campo de los alisados, furor de la d\u00e9cada\nde los a\u00f1os 2000.<\/h2>\t\t\t\t<\/div>\n\t\t\t\t<\/div>\n\t\t\t\t<div class=\"elementor-element elementor-element-7315b59 elementor-align-justify elementor-widget elementor-widget-button\" data-id=\"7315b59\" data-element_type=\"widget\" data-e-type=\"widget\" data-widget_type=\"button.default\">\n\t\t\t\t<div class=\"elementor-widget-container\">\n\t\t\t\t\t\t\t\t\t<div class=\"elementor-button-wrapper\">\n\t\t\t\t\t<a class=\"elementor-button elementor-button-link elementor-size-sm\" href=\"https:\/\/gladysperalta.com\/index.php\/acerca-de-mi\/\">\n\t\t\t\t\t\t<span class=\"elementor-button-content-wrapper\">\n\t\t\t\t\t\t\t\t\t<span class=\"elementor-button-text\">M\u00e1s acerca de mi...<\/span>\n\t\t\t\t\t<\/span>\n\t\t\t\t\t<\/a>\n\t\t\t\t<\/div>\n\t\t\t\t\t\t\t\t<\/div>\n\t\t\t\t<\/div>\n\t\t\t\t<\/div>\n\t\t\t\t<\/div>\n\t\t<div class=\"elementor-element elementor-element-f60dda8 e-flex e-con-boxed e-con e-parent\" data-id=\"f60dda8\" data-element_type=\"container\" data-e-type=\"container\" id=\"enviame-un-mensaje\" data-settings=\"{&quot;background_background&quot;:&quot;classic&quot;}\">\n\t\t\t\t\t<div class=\"e-con-inner\">\n\t\t<div class=\"elementor-element elementor-element-6b5e7e6 e-con-full e-flex e-con e-child\" data-id=\"6b5e7e6\" data-element_type=\"container\" data-e-type=\"container\">\n\t\t\t\t<div class=\"elementor-element elementor-element-2ae5f15 elementor-widget elementor-widget-heading\" data-id=\"2ae5f15\" data-element_type=\"widget\" data-e-type=\"widget\" data-widget_type=\"heading.default\">\n\t\t\t\t<div class=\"elementor-widget-container\">\n\t\t\t\t\t<h3 class=\"elementor-heading-title elementor-size-default\">Enviame un mensaje<\/h3>\t\t\t\t<\/div>\n\t\t\t\t<\/div>\n\t\t\t\t<div class=\"elementor-element elementor-element-8f4e590 elementor-widget elementor-widget-heading\" data-id=\"8f4e590\" data-element_type=\"widget\" data-e-type=\"widget\" data-widget_type=\"heading.default\">\n\t\t\t\t<div class=\"elementor-widget-container\">\n\t\t\t\t\t<h2 class=\"elementor-heading-title elementor-size-default\">O comunicate conmigo por redes sociales:<\/h2>\t\t\t\t<\/div>\n\t\t\t\t<\/div>\n\t\t\t\t<div class=\"elementor-element elementor-element-b87d964 e-grid-align-left elementor-shape-rounded elementor-grid-0 elementor-widget elementor-widget-social-icons\" data-id=\"b87d964\" data-element_type=\"widget\" data-e-type=\"widget\" data-widget_type=\"social-icons.default\">\n\t\t\t\t<div class=\"elementor-widget-container\">\n\t\t\t\t\t\t\t<div class=\"elementor-social-icons-wrapper elementor-grid\" role=\"list\">\n\t\t\t\t\t\t\t<span class=\"elementor-grid-item\" role=\"listitem\">\n\t\t\t\t\t<a class=\"elementor-icon elementor-social-icon elementor-social-icon-facebook elementor-repeater-item-3919acd\" href=\"https:\/\/www.facebook.com\/gladysperaltamakeup\" target=\"_blank\">\n\t\t\t\t\t\t<span class=\"elementor-screen-only\">Facebook<\/span>\n\t\t\t\t\t\t<i aria-hidden=\"true\" class=\"fab fa-facebook\"><\/i>\t\t\t\t\t<\/a>\n\t\t\t\t<\/span>\n\t\t\t\t\t\t\t<span class=\"elementor-grid-item\" role=\"listitem\">\n\t\t\t\t\t<a class=\"elementor-icon elementor-social-icon elementor-social-icon-instagram elementor-repeater-item-20fe5d5\" href=\"https:\/\/www.instagram.com\/gladysperalta.estetica\/\" target=\"_blank\">\n\t\t\t\t\t\t<span class=\"elementor-screen-only\">Instagram<\/span>\n\t\t\t\t\t\t<i aria-hidden=\"true\" class=\"fab fa-instagram\"><\/i>\t\t\t\t\t<\/a>\n\t\t\t\t<\/span>\n\t\t\t\t\t\t\t<span class=\"elementor-grid-item\" role=\"listitem\">\n\t\t\t\t\t<a class=\"elementor-icon elementor-social-icon elementor-social-icon-whatsapp elementor-repeater-item-f093736\" href=\"https:\/\/api.whatsapp.com\/send\/?phone=1555709068\" target=\"_blank\">\n\t\t\t\t\t\t<span class=\"elementor-screen-only\">Whatsapp<\/span>\n\t\t\t\t\t\t<i aria-hidden=\"true\" class=\"fab fa-whatsapp\"><\/i>\t\t\t\t\t<\/a>\n\t\t\t\t<\/span>\n\t\t\t\t\t<\/div>\n\t\t\t\t\t\t<\/div>\n\t\t\t\t<\/div>\n\t\t\t\t<\/div>\n\t\t<div class=\"elementor-element elementor-element-8ded302 e-con-full e-flex e-con e-child\" data-id=\"8ded302\" data-element_type=\"container\" data-e-type=\"container\">\n\t\t\t\t<div class=\"elementor-element elementor-element-2b9f3ed elementor-widget elementor-widget-wpforms\" data-id=\"2b9f3ed\" data-element_type=\"widget\" data-e-type=\"widget\" data-widget_type=\"wpforms.default\">\n\t\t\t\t<div class=\"elementor-widget-container\">\n\t\t\t\t\t<div class=\"wpforms-container wpforms-container-full\" id=\"wpforms-635\"><form id=\"wpforms-form-635\" class=\"wpforms-validate wpforms-form\" data-formid=\"635\" method=\"post\" enctype=\"multipart\/form-data\" action=\"\/index.php\/wp-json\/wp\/v2\/pages\/990\" data-token=\"98f7e977d304e20081c882c17305e40f\" data-token-time=\"1776798987\"><noscript class=\"wpforms-error-noscript\">Please enable JavaScript in your browser to complete this form.<\/noscript><div class=\"wpforms-field-container\"><div id=\"wpforms-635-field_0-container\" class=\"wpforms-field wpforms-field-name\" data-field-id=\"0\"><label class=\"wpforms-field-label\" for=\"wpforms-635-field_0\">Nombre <span class=\"wpforms-required-label\">*<\/span><\/label><input type=\"text\" id=\"wpforms-635-field_0\" class=\"wpforms-field-medium wpforms-field-required\" name=\"wpforms[fields][0]\" required><\/div><div id=\"wpforms-635-field_1-container\" class=\"wpforms-field wpforms-field-email\" data-field-id=\"1\"><label class=\"wpforms-field-label\" for=\"wpforms-635-field_1\">Correo electr\u00f3nico <span class=\"wpforms-required-label\">*<\/span><\/label><input type=\"email\" id=\"wpforms-635-field_1\" class=\"wpforms-field-medium wpforms-field-required\" name=\"wpforms[fields][1]\" spellcheck=\"false\" required><\/div><div id=\"wpforms-635-field_3-container\" class=\"wpforms-field wpforms-field-select wpforms-field-select-style-classic\" data-field-id=\"3\"><label class=\"wpforms-field-label\" for=\"wpforms-635-field_3\">Motivo de tu mensaje <span class=\"wpforms-required-label\">*<\/span><\/label><select id=\"wpforms-635-field_3\" class=\"wpforms-field-medium wpforms-field-required\" name=\"wpforms[fields][3]\" required=\"required\"><option value=\"Peinados - Make Up (Novias)\"  class=\"choice-1 depth-1\"  >Peinados - Make Up (Novias)<\/option><option value=\"Peinados - Make Up (15 a\u00f1eras)\"  class=\"choice-2 depth-1\"  >Peinados - Make Up (15 a\u00f1eras)<\/option><option value=\"Peinados - Make Up (Eventos)\"  class=\"choice-3 depth-1\"  >Peinados - Make Up (Eventos)<\/option><option value=\"Peinados - Make Up (Producciones)\"  class=\"choice-4 depth-1\"  >Peinados - Make Up (Producciones)<\/option><option value=\"Otro\"  class=\"choice-5 depth-1\"  >Otro<\/option><\/select><\/div><div id=\"wpforms-635-field_2-container\" class=\"wpforms-field wpforms-field-textarea\" data-field-id=\"2\"><label class=\"wpforms-field-label\" for=\"wpforms-635-field_2\">Comentario o mensaje <span class=\"wpforms-required-label\">*<\/span><\/label><textarea id=\"wpforms-635-field_2\" class=\"wpforms-field-medium wpforms-field-required\" name=\"wpforms[fields][2]\" required><\/textarea><\/div><\/div><!-- .wpforms-field-container --><div class=\"wpforms-submit-container\" ><input type=\"hidden\" name=\"wpforms[id]\" value=\"635\"><input type=\"hidden\" name=\"page_title\" value=\"\"><input type=\"hidden\" name=\"page_url\" value=\"https:\/\/gladysperalta.com\/index.php\/wp-json\/wp\/v2\/pages\/990\"><input type=\"hidden\" name=\"url_referer\" value=\"\"><button type=\"submit\" name=\"wpforms[submit]\" id=\"wpforms-submit-635\" class=\"wpforms-submit\" data-alt-text=\"Enviando...\" data-submit-text=\"Enviar\" aria-live=\"assertive\" value=\"wpforms-submit\">Enviar<\/button><\/div><\/form><\/div>  <!-- .wpforms-container -->\t\t\t\t<\/div>\n\t\t\t\t<\/div>\n\t\t\t\t<\/div>\n\t\t\t\t\t<\/div>\n\t\t\t\t<\/div>\n\t\t\t\t<\/div>\n\t\t","protected":false},"excerpt":{"rendered":"<p>Novias Quincea\u00f1eras Eventos Producciones Gladys Peralta Especialista en Make Up &amp; Peinados Soy peluquera y maquilladora, me inicie en esta profesi\u00f3n a los 17 a\u00f1os. A los 21 a\u00f1os fui integrante del equipo de Instructores de un prestigioso Centro de Peluqueros, C.A.T (C\u00edrculo de Arte y T\u00e9cnica), cuyo presidente de la rama femenina era el [&hellip;]<\/p>\n","protected":false},"author":1,"featured_media":0,"parent":0,"menu_order":0,"comment_status":"closed","ping_status":"closed","template":"elementor_header_footer","meta":{"footnotes":""},"class_list":["post-990","page","type-page","status-publish","hentry"],"yoast_head":"<!-- This site is optimized with the Yoast SEO plugin v24.6 - https:\/\/yoast.com\/wordpress\/plugins\/seo\/ -->\n<title>Inicio - Gladys Peralta \/ Make Up - Peinados<\/title>\n<meta name=\"robots\" content=\"index, follow, max-snippet:-1, max-image-preview:large, max-video-preview:-1\" \/>\n<link rel=\"canonical\" href=\"https:\/\/gladysperalta.com\/\" \/>\n<meta property=\"og:locale\" content=\"en_US\" \/>\n<meta property=\"og:type\" content=\"article\" \/>\n<meta property=\"og:title\" content=\"Inicio - Gladys Peralta \/ Make Up - Peinados\" \/>\n<meta property=\"og:description\" content=\"Novias Quincea\u00f1eras Eventos Producciones Gladys Peralta Especialista en Make Up &amp; Peinados Soy peluquera y maquilladora, me inicie en esta profesi\u00f3n a los 17 a\u00f1os. A los 21 a\u00f1os fui integrante del equipo de Instructores de un prestigioso Centro de Peluqueros, C.A.T (C\u00edrculo de Arte y T\u00e9cnica), cuyo presidente de la rama femenina era el [&hellip;]\" \/>\n<meta property=\"og:url\" content=\"https:\/\/gladysperalta.com\/\" \/>\n<meta property=\"og:site_name\" content=\"Gladys Peralta \/ Make Up - Peinados\" \/>\n<meta property=\"article:modified_time\" content=\"2025-03-10T16:29:05+00:00\" \/>\n<meta name=\"twitter:card\" content=\"summary_large_image\" \/>\n<meta name=\"twitter:label1\" content=\"Est. reading time\" \/>\n\t<meta name=\"twitter:data1\" content=\"1 minute\" \/>\n<script type=\"application\/ld+json\" class=\"yoast-schema-graph\">{\"@context\":\"https:\/\/schema.org\",\"@graph\":[{\"@type\":\"WebPage\",\"@id\":\"https:\/\/gladysperalta.com\/\",\"url\":\"https:\/\/gladysperalta.com\/\",\"name\":\"Inicio - Gladys Peralta \/ Make Up - Peinados\",\"isPartOf\":{\"@id\":\"https:\/\/gladysperalta.com\/#website\"},\"datePublished\":\"2025-03-10T13:35:08+00:00\",\"dateModified\":\"2025-03-10T16:29:05+00:00\",\"breadcrumb\":{\"@id\":\"https:\/\/gladysperalta.com\/#breadcrumb\"},\"inLanguage\":\"en-US\",\"potentialAction\":[{\"@type\":\"ReadAction\",\"target\":[\"https:\/\/gladysperalta.com\/\"]}]},{\"@type\":\"BreadcrumbList\",\"@id\":\"https:\/\/gladysperalta.com\/#breadcrumb\",\"itemListElement\":[{\"@type\":\"ListItem\",\"position\":1,\"name\":\"Home\",\"item\":\"https:\/\/gladysperalta.com\/\"},{\"@type\":\"ListItem\",\"position\":2,\"name\":\"Inicio\"}]},{\"@type\":\"WebSite\",\"@id\":\"https:\/\/gladysperalta.com\/#website\",\"url\":\"https:\/\/gladysperalta.com\/\",\"name\":\"Gladys Peralta \/ Make Up - Peinados\",\"description\":\"\",\"publisher\":{\"@id\":\"https:\/\/gladysperalta.com\/#organization\"},\"potentialAction\":[{\"@type\":\"SearchAction\",\"target\":{\"@type\":\"EntryPoint\",\"urlTemplate\":\"https:\/\/gladysperalta.com\/?s={search_term_string}\"},\"query-input\":{\"@type\":\"PropertyValueSpecification\",\"valueRequired\":true,\"valueName\":\"search_term_string\"}}],\"inLanguage\":\"en-US\"},{\"@type\":\"Organization\",\"@id\":\"https:\/\/gladysperalta.com\/#organization\",\"name\":\"Gladys Peralta \/ Make Up - Peinados\",\"url\":\"https:\/\/gladysperalta.com\/\",\"logo\":{\"@type\":\"ImageObject\",\"inLanguage\":\"en-US\",\"@id\":\"https:\/\/gladysperalta.com\/#\/schema\/logo\/image\/\",\"url\":\"https:\/\/gladysperalta.com\/wp-content\/uploads\/2025\/03\/Logo.png\",\"contentUrl\":\"https:\/\/gladysperalta.com\/wp-content\/uploads\/2025\/03\/Logo.png\",\"width\":500,\"height\":500,\"caption\":\"Gladys Peralta \/ Make Up - Peinados\"},\"image\":{\"@id\":\"https:\/\/gladysperalta.com\/#\/schema\/logo\/image\/\"}}]}<\/script>\n<!-- \/ Yoast SEO plugin. -->","yoast_head_json":{"title":"Inicio - Gladys Peralta \/ Make Up - Peinados","robots":{"index":"index","follow":"follow","max-snippet":"max-snippet:-1","max-image-preview":"max-image-preview:large","max-video-preview":"max-video-preview:-1"},"canonical":"https:\/\/gladysperalta.com\/","og_locale":"en_US","og_type":"article","og_title":"Inicio - Gladys Peralta \/ Make Up - Peinados","og_description":"Novias Quincea\u00f1eras Eventos Producciones Gladys Peralta Especialista en Make Up &amp; Peinados Soy peluquera y maquilladora, me inicie en esta profesi\u00f3n a los 17 a\u00f1os. A los 21 a\u00f1os fui integrante del equipo de Instructores de un prestigioso Centro de Peluqueros, C.A.T (C\u00edrculo de Arte y T\u00e9cnica), cuyo presidente de la rama femenina era el [&hellip;]","og_url":"https:\/\/gladysperalta.com\/","og_site_name":"Gladys Peralta \/ Make Up - Peinados","article_modified_time":"2025-03-10T16:29:05+00:00","twitter_card":"summary_large_image","twitter_misc":{"Est. reading time":"1 minute"},"schema":{"@context":"https:\/\/schema.org","@graph":[{"@type":"WebPage","@id":"https:\/\/gladysperalta.com\/","url":"https:\/\/gladysperalta.com\/","name":"Inicio - Gladys Peralta \/ Make Up - Peinados","isPartOf":{"@id":"https:\/\/gladysperalta.com\/#website"},"datePublished":"2025-03-10T13:35:08+00:00","dateModified":"2025-03-10T16:29:05+00:00","breadcrumb":{"@id":"https:\/\/gladysperalta.com\/#breadcrumb"},"inLanguage":"en-US","potentialAction":[{"@type":"ReadAction","target":["https:\/\/gladysperalta.com\/"]}]},{"@type":"BreadcrumbList","@id":"https:\/\/gladysperalta.com\/#breadcrumb","itemListElement":[{"@type":"ListItem","position":1,"name":"Home","item":"https:\/\/gladysperalta.com\/"},{"@type":"ListItem","position":2,"name":"Inicio"}]},{"@type":"WebSite","@id":"https:\/\/gladysperalta.com\/#website","url":"https:\/\/gladysperalta.com\/","name":"Gladys Peralta \/ Make Up - Peinados","description":"","publisher":{"@id":"https:\/\/gladysperalta.com\/#organization"},"potentialAction":[{"@type":"SearchAction","target":{"@type":"EntryPoint","urlTemplate":"https:\/\/gladysperalta.com\/?s={search_term_string}"},"query-input":{"@type":"PropertyValueSpecification","valueRequired":true,"valueName":"search_term_string"}}],"inLanguage":"en-US"},{"@type":"Organization","@id":"https:\/\/gladysperalta.com\/#organization","name":"Gladys Peralta \/ Make Up - Peinados","url":"https:\/\/gladysperalta.com\/","logo":{"@type":"ImageObject","inLanguage":"en-US","@id":"https:\/\/gladysperalta.com\/#\/schema\/logo\/image\/","url":"https:\/\/gladysperalta.com\/wp-content\/uploads\/2025\/03\/Logo.png","contentUrl":"https:\/\/gladysperalta.com\/wp-content\/uploads\/2025\/03\/Logo.png","width":500,"height":500,"caption":"Gladys Peralta \/ Make Up - Peinados"},"image":{"@id":"https:\/\/gladysperalta.com\/#\/schema\/logo\/image\/"}}]}},"_links":{"self":[{"href":"https:\/\/gladysperalta.com\/index.php\/wp-json\/wp\/v2\/pages\/990","targetHints":{"allow":["GET"]}}],"collection":[{"href":"https:\/\/gladysperalta.com\/index.php\/wp-json\/wp\/v2\/pages"}],"about":[{"href":"https:\/\/gladysperalta.com\/index.php\/wp-json\/wp\/v2\/types\/page"}],"author":[{"embeddable":true,"href":"https:\/\/gladysperalta.com\/index.php\/wp-json\/wp\/v2\/users\/1"}],"replies":[{"embeddable":true,"href":"https:\/\/gladysperalta.com\/index.php\/wp-json\/wp\/v2\/comments?post=990"}],"version-history":[{"count":76,"href":"https:\/\/gladysperalta.com\/index.php\/wp-json\/wp\/v2\/pages\/990\/revisions"}],"predecessor-version":[{"id":1198,"href":"https:\/\/gladysperalta.com\/index.php\/wp-json\/wp\/v2\/pages\/990\/revisions\/1198"}],"wp:attachment":[{"href":"https:\/\/gladysperalta.com\/index.php\/wp-json\/wp\/v2\/media?parent=990"}],"curies":[{"name":"wp","href":"https:\/\/api.w.org\/{rel}","templated":true}]}}